{"id":119,"date":"2026-03-05T20:59:39","date_gmt":"2026-03-05T20:59:39","guid":{"rendered":"https:\/\/aktivhatvan.hu\/?page_id=119"},"modified":"2026-03-26T13:42:29","modified_gmt":"2026-03-26T13:42:29","slug":"gazdasag-navigator-tudatosan-a-kovetkezo-eletszakaszba","status":"publish","type":"page","link":"https:\/\/aktivhatvan.hu\/index.php\/gazdasag-navigator-tudatosan-a-kovetkezo-eletszakaszba\/","title":{"rendered":"Gazdas\u00e1g navig\u00e1tor &#8211; tudatosan a k\u00f6vetkez\u0151 \u00e9letszakaszba"},"content":{"rendered":"\t\t<div data-elementor-type=\"wp-page\" data-elementor-id=\"119\" class=\"elementor elementor-119\">\n\t\t\t\t<div class=\"elementor-element elementor-element-397f22e e-flex e-con-boxed e-con e-parent\" data-id=\"397f22e\" data-element_type=\"container\" data-e-type=\"container\">\n\t\t\t\t\t<div class=\"e-con-inner\">\n\t\t\t\t<div class=\"elementor-element elementor-element-380a841 elementor-widget elementor-widget-html\" data-id=\"380a841\" data-element_type=\"widget\" data-e-type=\"widget\" data-widget_type=\"html.default\">\n\t\t\t\t\t<style>\n.dig60sub,\n.dig60sub *{\n  box-sizing:border-box;\n}\n\n.dig60sub{\n  --c-blue:#2F82C9;\n  --c-blue-dark:#2F4E97;\n  --c-light:#F3F3F3;\n  --c-text:#222222;\n  --c-sky:#CFEAF8;\n  --c-green-light:#C7E090;\n  --c-green:#89A800;\n  --c-white:#FFFFFF;\n  --c-pink:#E48AA0;\n\n  position:relative;\n  left:50%;\n  transform:translateX(-50%);\n  width:min(1580px, calc(100vw - 40px));\n  max-width:min(1580px, calc(100vw - 40px));\n  margin:32px 0 40px;\n  background:var(--c-light);\n  overflow:hidden;\n  font-family:\"Poppins\", Arial, Helvetica, sans-serif;\n}\n\n.dig60sub-inner{\n  max-width:1240px;\n  margin:0 auto;\n  padding:38px 34px 40px;\n}\n\n\/* FEJL\u00c9C *\/\n.dig60sub-title{\n  margin:0 0 8px;\n  color:var(--c-blue);\n  font-size:62px;\n  line-height:.96;\n  font-weight:800;\n  letter-spacing:-0.03em;\n  text-transform:uppercase;\n}\n\n.dig60sub-start{\n  margin:0 0 28px;\n  color:#202020;\n  font-size:34px;\n  line-height:1.12;\n  font-weight:400;\n  letter-spacing:-0.02em;\n}\n\n.dig60sub-lead-title{\n  margin:0 0 14px;\n  color:#000;\n  font-size:27px;\n  line-height:1.08;\n  font-weight:800;\n  text-transform:uppercase;\n}\n\n.dig60sub-lead{\n  margin:0 0 22px;\n  color:#232323;\n  font-size:19px;\n  line-height:1.52;\n  font-weight:400;\n}\n\n\/* K\u00c9T HAS\u00c1B BLOKK *\/\n.dig60sub-topgrid{\n  display:grid;\n  grid-template-columns:1fr 1fr;\n  gap:30px;\n  align-items:start;\n  margin-bottom:24px;\n}\n\n.dig60sub-speaker,\n.dig60sub-intro{\n  min-width:0;\n}\n\n\/* K\u00c9PES DOBOZ *\/\n.dig60sub-card-media{\n  position:relative;\n  width:100%;\n  min-height:325px;\n  border-radius:26px;\n  overflow:hidden;\n  background:linear-gradient(180deg, var(--c-sky) 0%, var(--c-sky) 64%, transparent 64%);\n}\n\n.dig60sub-card-media::before{\n  content:\"\";\n  position:absolute;\n  left:0;\n  right:0;\n  bottom:0;\n  height:34%;\n  background:\n    radial-gradient(130% 90% at 22% 0%, var(--c-green-light) 0 38%, transparent 39%),\n    radial-gradient(120% 110% at 72% 0%, #D9EDB3 0 34%, transparent 35%),\n    radial-gradient(135% 115% at 55% 100%, var(--c-green) 0 56%, transparent 57%),\n    linear-gradient(0deg, var(--c-green), var(--c-green));\n  pointer-events:none;\n}\n\n.dig60sub-cloud{\n  position:absolute;\n  top:22px;\n  left:22px;\n  width:96px;\n  height:48px;\n  background:#fff;\n  border-radius:40px;\n  z-index:1;\n}\n\n.dig60sub-cloud::before,\n.dig60sub-cloud::after{\n  content:\"\";\n  position:absolute;\n  background:#fff;\n  border-radius:50%;\n}\n\n.dig60sub-cloud::before{\n  width:42px;\n  height:42px;\n  left:10px;\n  top:-16px;\n}\n\n.dig60sub-cloud::after{\n  width:56px;\n  height:56px;\n  right:10px;\n  top:-24px;\n}\n\n.dig60sub-media-img{\n  position:absolute;\n  inset:0;\n  z-index:2;\n}\n\n.dig60sub-media-img img{\n  width:100%;\n  height:100%;\n  display:block;\n  object-fit:cover;\n  object-position:center center;\n}\n\n\/* JOBB OLDALI BUBOR\u00c9KOS DOBOZ *\/\n.dig60sub-intro-wrap{\n  position:relative;\n  width:100%;\n  padding-left:26px;\n  padding-top:18px;\n}\n\n.dig60sub-intro-plus{\n  position:absolute;\n  left:0;\n  top:0;\n  width:72px;\n  height:72px;\n  z-index:3;\n}\n\n.dig60sub-intro-plus img{\n  width:100%;\n  height:100%;\n  display:block;\n  object-fit:contain;\n}\n\n.dig60sub-intro-box{\n  position:relative;\n  width:100%;\n  min-height:325px;\n  background:#fff;\n  border:5px solid var(--c-pink);\n  border-radius:18px;\n  padding:38px 28px 24px 40px;\n}\n\n.dig60sub-intro-content{\n  position:relative;\n  z-index:2;\n}\n\n.dig60sub-intro-content h3{\n  margin:0 0 14px;\n  color:var(--c-blue-dark);\n  font-size:28px;\n  line-height:1.1;\n  font-weight:800;\n  text-transform:uppercase;\n}\n\n.dig60sub-intro-content p{\n  margin:0;\n  color:#1f1f1f;\n  font-size:18px;\n  line-height:1.56;\n  font-weight:400;\n}\n\n\/* T\u00d6RZS *\/\n.dig60sub-section-title{\n  margin:18px 0 12px;\n  color:#000;\n  font-size:28px;\n  line-height:1.05;\n  font-weight:800;\n  text-transform:uppercase;\n}\n\n.dig60sub-body{\n  margin:0;\n  color:#232323;\n  font-size:18px;\n  line-height:1.52;\n  font-weight:400;\n}\n\n.dig60sub-list{\n  margin:0 0 22px;\n  padding-left:0;\n  list-style:none;\n}\n\n.dig60sub-list li{\n  margin:0 0 12px;\n  color:#232323;\n  font-size:18px;\n  line-height:1.52;\n  font-weight:400;\n}\n\n.dig60sub-list li:last-child{\n  margin-bottom:0;\n}\n\n\/* ID\u0150PONT BLOKK *\/\n.dig60sub-dates{\n  margin:28px 0 0;\n  padding:20px 22px;\n  background:#fff;\n  border-left:6px solid var(--c-blue);\n  border-radius:16px;\n}\n\n.dig60sub-dates-title{\n  margin:0 0 12px;\n  color:#000;\n  font-size:22px;\n  line-height:1.2;\n  font-weight:800;\n  text-transform:uppercase;\n}\n\n.dig60sub-dates-series{\n  margin:0 0 18px;\n}\n\n.dig60sub-dates-series:last-child{\n  margin-bottom:0;\n}\n\n.dig60sub-dates-series-title{\n  margin:0 0 10px;\n  color:var(--c-blue-dark);\n  font-size:19px;\n  line-height:1.3;\n  font-weight:800;\n  text-transform:uppercase;\n}\n\n.dig60sub-dates-list{\n  margin:0;\n  padding:0;\n  list-style:none;\n}\n\n.dig60sub-dates-list li{\n  margin:0 0 10px;\n  color:#232323;\n  font-size:18px;\n  line-height:1.5;\n  font-weight:600;\n}\n\n.dig60sub-dates-list li:last-child{\n  margin-bottom:0;\n}\n\n.dig60sub-info{\n  margin:18px 0 0;\n}\n\n.dig60sub-info p{\n  margin:0 0 12px;\n  color:#232323;\n  font-size:18px;\n  line-height:1.52;\n  font-weight:400;\n}\n\n.dig60sub-info p:last-child{\n  margin-bottom:0;\n}\n\n\/* GOMBOK *\/\n.dig60sub-actions{\n  display:flex;\n  gap:14px;\n  flex-wrap:wrap;\n  margin:28px 0 0;\n}\n\n.dig60sub-apply,\n.dig60sub-home{\n  display:inline-flex;\n  align-items:center;\n  justify-content:center;\n  min-height:54px;\n  padding:14px 26px;\n  border-radius:999px;\n  text-decoration:none !important;\n  font-size:16px;\n  line-height:1.1;\n  font-weight:800;\n  text-transform:uppercase;\n  letter-spacing:.02em;\n  transition:.2s ease;\n}\n\n.dig60sub-apply,\n.dig60sub-apply:hover,\n.dig60sub-apply:focus,\n.dig60sub-apply:active,\n.dig60sub-apply:visited{\n  background:var(--c-blue);\n  color:#fff !important;\n}\n\n.dig60sub-home,\n.dig60sub-home:hover,\n.dig60sub-home:focus,\n.dig60sub-home:active,\n.dig60sub-home:visited{\n  background:#fff;\n  color:var(--c-blue) !important;\n  border:2px solid var(--c-blue);\n}\n\n\/* TABLET *\/\n@media (max-width:1280px){\n  .dig60sub{\n    left:auto;\n    transform:none;\n    width:min(100%, calc(100vw - 24px));\n    max-width:min(100%, calc(100vw - 24px));\n    margin:24px auto 30px;\n  }\n\n  .dig60sub-inner{\n    padding:28px 22px 32px;\n  }\n\n  .dig60sub-title{\n    font-size:48px;\n  }\n\n  .dig60sub-start{\n    font-size:28px;\n    margin-bottom:24px;\n  }\n\n  .dig60sub-lead-title{\n    font-size:24px;\n  }\n\n  .dig60sub-lead{\n    font-size:18px;\n  }\n\n  .dig60sub-topgrid{\n    grid-template-columns:1fr;\n    gap:20px;\n  }\n\n  .dig60sub-card-media{\n    min-height:280px;\n    border-radius:22px;\n  }\n\n  .dig60sub-intro-wrap{\n    padding-left:22px;\n    padding-top:16px;\n  }\n\n  .dig60sub-intro-plus{\n    width:58px;\n    height:58px;\n  }\n\n  .dig60sub-intro-box{\n    min-height:auto;\n    border-width:4px;\n    padding:30px 20px 20px 28px;\n  }\n\n  .dig60sub-intro-content h3{\n    font-size:24px;\n  }\n\n  .dig60sub-intro-content p,\n  .dig60sub-body,\n  .dig60sub-list li,\n  .dig60sub-dates-list li,\n  .dig60sub-info p{\n    font-size:17px;\n  }\n\n  .dig60sub-section-title{\n    font-size:24px;\n  }\n\n  .dig60sub-dates-title{\n    font-size:20px;\n  }\n\n  .dig60sub-dates-series-title{\n    font-size:18px;\n  }\n\n  .dig60sub-actions{\n    margin-top:24px;\n  }\n\n  .dig60sub-apply,\n  .dig60sub-home{\n    font-size:15px;\n    min-height:50px;\n    padding:13px 22px;\n  }\n}\n\n\/* MOBIL *\/\n@media (max-width:780px){\n  .dig60sub{\n    width:100vw;\n    max-width:100vw;\n    margin:18px 0 24px;\n    margin-left:calc(50% - 50vw);\n    margin-right:calc(50% - 50vw);\n  }\n\n  .dig60sub-inner{\n    padding:22px 16px 24px;\n  }\n\n  .dig60sub-title{\n    font-size:34px;\n    line-height:.98;\n    margin-bottom:8px;\n  }\n\n  .dig60sub-start{\n    font-size:20px;\n    line-height:1.2;\n    margin-bottom:18px;\n  }\n\n  .dig60sub-lead-title{\n    font-size:18px;\n    margin-bottom:10px;\n  }\n\n  .dig60sub-lead{\n    font-size:16px;\n    line-height:1.5;\n    margin-bottom:16px;\n  }\n\n  .dig60sub-topgrid{\n    gap:16px;\n  }\n\n  .dig60sub-card-media{\n    min-height:210px;\n    border-radius:18px;\n  }\n\n  .dig60sub-cloud{\n    transform:scale(.75);\n    transform-origin:top left;\n  }\n\n  .dig60sub-intro-wrap{\n    padding-left:16px;\n    padding-top:14px;\n  }\n\n  .dig60sub-intro-plus{\n    width:46px;\n    height:46px;\n  }\n\n  .dig60sub-intro-box{\n    min-height:auto;\n    border-width:4px;\n    border-radius:14px;\n    padding:24px 14px 16px 20px;\n  }\n\n  .dig60sub-intro-content h3{\n    font-size:20px;\n    margin-bottom:10px;\n  }\n\n  .dig60sub-intro-content p,\n  .dig60sub-body,\n  .dig60sub-list li,\n  .dig60sub-dates-list li,\n  .dig60sub-info p{\n    font-size:16px;\n    line-height:1.5;\n  }\n\n  .dig60sub-section-title{\n    font-size:20px;\n    margin:10px 0 10px;\n  }\n\n  .dig60sub-dates{\n    padding:16px;\n    border-left-width:4px;\n    border-radius:12px;\n    margin-top:20px;\n  }\n\n  .dig60sub-dates-title{\n    font-size:18px;\n    margin-bottom:10px;\n  }\n\n  .dig60sub-dates-series-title{\n    font-size:16px;\n  }\n\n  .dig60sub-actions{\n    gap:10px;\n    margin-top:20px;\n  }\n\n  .dig60sub-apply,\n  .dig60sub-home{\n    width:100%;\n    min-height:48px;\n    font-size:14px;\n    padding:12px 18px;\n  }\n}\n<\/style>\n\n<section class=\"dig60sub\">\n  <div class=\"dig60sub-inner\">\n\n    <h1 class=\"dig60sub-title\">P\u00c9NZ\u00dcGYI TUDATOSS\u00c1G<\/h1>\n\n    <p class=\"dig60sub-lead\">\n      Az \u00e9let\u00fat \u00faj szakasz\u00e1ba val\u00f3 \u00e1tl\u00e9p\u00e9s nemcsak \u00e9letm\u00f3dbeli v\u00e1lt\u00e1s, hanem egy olyan p\u00e9nz\u00fcgyi fordul\u00f3pont is, amely \u00faj k\u00e9rd\u00e9seket vet fel. Programunk c\u00e9lja, hogy \u00d6n magabiztosan \u00e9s \u00f6n\u00e1ll\u00f3an hozhassa meg mindennapi d\u00f6nt\u00e9seit ebben a v\u00e1ltoz\u00f3 id\u0151szakban.\n    <\/p>\n\n    <p class=\"dig60sub-body\" style=\"margin-bottom:22px;\">\n      Szakembereink nem elvont elm\u00e9leteket adnak \u00e1t, hanem egy olyan gyakorlati eszk\u00f6zt\u00e1rat, amellyel \u00e1tl\u00e1that\u00f3bb\u00e1 \u00e9s kisz\u00e1m\u00edthat\u00f3bb\u00e1 v\u00e1lik a csal\u00e1di gazd\u00e1lkod\u00e1s.\n    <\/p>\n\n    <h2 class=\"dig60sub-section-title\">MIRE SZ\u00c1M\u00cdTHAT A M\u0170HELYSOROZAT SOR\u00c1N?<\/h2>\n    <ul class=\"dig60sub-list\">\n      <li>\u2022 \u00c1tl\u00e1that\u00f3 rendszer: egyszer\u0171 m\u00f3dszerek a bev\u00e9telek \u00e9s kiad\u00e1sok k\u00f6vet\u00e9s\u00e9re.<\/li>\n      <li>\u2022 Hossz\u00fa t\u00e1v\u00fa biztons\u00e1g: tartal\u00e9k kialak\u00edt\u00e1sa \u00e9s tudatos megtakar\u00edt\u00e1si form\u00e1k.<\/li>\n      <li>\u2022 Digit\u00e1lis v\u00e9delem: az online \u00e9s telefonos csal\u00f3 megkeres\u00e9sek \u00e1rulkod\u00f3 jelei, biztons\u00e1gos p\u00e9nz\u00fcgyi tranzakci\u00f3k.<\/li>\n      <li>\u2022 Felel\u0151s gondoskod\u00e1s: a gener\u00e1ci\u00f3kon \u00e1t\u00edvel\u0151, tudatos vagyonkezel\u00e9s alapjai.<\/li>\n    <\/ul>\n\n    <h2 class=\"dig60sub-section-title\">GYAKORLATI T\u00c1MOGAT\u00c1S<\/h2>\n    <p class=\"dig60sub-body\" style=\"margin-bottom:24px;\">\n      A programokon konkr\u00e9t mint\u00e1kat \u00e9s ellen\u0151rz\u0151list\u00e1kat kap, amelyek seg\u00edtenek elker\u00fclni a sz\u00fcks\u00e9gtelen kock\u00e1zatokat. C\u00e9lunk, hogy a program v\u00e9g\u00e9re \u00d6n nagyobb nyugalommal kezelje anyagi helyzet\u00e9t, meg\u0151rizve f\u00fcggetlens\u00e9g\u00e9t \u00e9s d\u00f6nt\u00e9si szabads\u00e1g\u00e1t.\n    <\/p>\n\n    <div class=\"dig60sub-topgrid\">\n      <div class=\"dig60sub-speaker\">\n        <div class=\"dig60sub-card-media\">\n          <div class=\"dig60sub-cloud\"><\/div>\n          <div class=\"dig60sub-media-img\">\n            <img decoding=\"async\" src=\"https:\/\/aktivhatvan.hu\/wp-content\/uploads\/2026\/03\/BV.webp\" alt=\"Barna Viktor\">\n          <\/div>\n        <\/div>\n      <\/div>\n\n      <div class=\"dig60sub-intro\">\n        <div class=\"dig60sub-intro-wrap\">\n          <div class=\"dig60sub-intro-plus\">\n            <img decoding=\"async\" src=\"https:\/\/aktivhatvan.hu\/wp-content\/uploads\/2026\/03\/plus-blue-pink.png\" alt=\"\">\n          <\/div>\n          <div class=\"dig60sub-intro-box\">\n            <div class=\"dig60sub-intro-content\">\n              <h3>BARNA VIKTOR<\/h3>\n              <p>\n                K\u00f6zgazd\u00e1sz, aki t\u00f6bb mint h\u00fasz\u00e9ves szakmai tapasztalattal rendelkezik a p\u00e9nz\u00fcgyek ter\u00fclet\u00e9n. P\u00e1lyafut\u00e1sa sor\u00e1n olyan neves int\u00e9zm\u00e9nyekben oktatott, mint a Nemzetk\u00f6zi Bank\u00e1rk\u00e9pz\u0151 K\u00f6zpont, a Budapesti Metropolitan Egyetem vagy az ELTE. Viktor hitvall\u00e1sa, hogy a gazdas\u00e1gi ismeretek nem csup\u00e1n elvont elm\u00e9letek, hanem a mindennapi \u00e9let\u00fcnket seg\u00edt\u0151, gyakorlatias eszk\u00f6z\u00f6k.\n              <\/p>\n              <p style=\"margin-top:16px;\">\n                Meggy\u0151z\u0151d\u00e9se, hogy a tudatoss\u00e1g nem szak\u00e9rt\u0151i kiv\u00e1lts\u00e1g: a j\u00f3l meghozott d\u00f6nt\u00e9sekhez els\u0151sorban tiszt\u00e1nl\u00e1t\u00e1sra \u00e9s higgadts\u00e1gra van sz\u00fcks\u00e9g. Oktat\u00f3k\u00e9nt a legf\u0151bb c\u00e9lja, hogy egyszer\u0171, b\u00e1rki \u00e1ltal alkalmazhat\u00f3 m\u00f3dszereket adjon a kock\u00e1zatok felismer\u00e9s\u00e9hez \u00e9s a megfontolt tervez\u00e9shez. Seg\u00edts\u00e9g\u00e9vel a r\u00e9sztvev\u0151k meger\u0151s\u00f6dhetnek \u00f6n\u00e1ll\u00f3s\u00e1gukban, \u00e9s nagyobb biztons\u00e1ggal, magabiztosabban igazodhatnak el a p\u00e9nzvil\u00e1g aktu\u00e1lis k\u00e9rd\u00e9seiben.\n              <\/p>\n            <\/div>\n          <\/div>\n        <\/div>\n      <\/div>\n    <\/div>\n\n    <div class=\"dig60sub-topgrid\">\n      <div class=\"dig60sub-speaker\">\n        <div class=\"dig60sub-card-media\">\n          <div class=\"dig60sub-cloud\"><\/div>\n          <div class=\"dig60sub-media-img\">\n            <img decoding=\"async\" src=\"https:\/\/aktivhatvan.hu\/wp-content\/uploads\/2026\/03\/MP.webp\" alt=\"M\u00f3ger P\u00e1l\">\n          <\/div>\n        <\/div>\n      <\/div>\n\n      <div class=\"dig60sub-intro\">\n        <div class=\"dig60sub-intro-wrap\">\n          <div class=\"dig60sub-intro-plus\">\n            <img decoding=\"async\" src=\"https:\/\/aktivhatvan.hu\/wp-content\/uploads\/2026\/03\/plus-blue-pink.png\" alt=\"\">\n          <\/div>\n          <div class=\"dig60sub-intro-box\">\n            <div class=\"dig60sub-intro-content\">\n              <h3>M\u00d3GER P\u00c1L<\/h3>\n              <p>\n                T\u00f6bb mint h\u00e1rom \u00e9vtizedes tapasztalattal rendelkezik a p\u00e9nz\u00fcgyi \u00e9s \u00fczletfejleszt\u00e9si szektorban. P\u00e1lyafut\u00e1sa sor\u00e1n a banki \u00e9s biztos\u00edt\u00e1si ter\u00fclet mellett komplex szakmai programok kidolgoz\u00e1s\u00e1ban is meghat\u00e1roz\u00f3 szerepet v\u00e1llalt. Munk\u00e1j\u00e1t mindv\u00e9gig az a t\u00f6rekv\u00e9s vez\u00e9rli, hogy a p\u00e9nz\u00fcgyi \u00f6sszef\u00fcgg\u00e9sek mindenki sz\u00e1m\u00e1ra \u00e9rthet\u0151v\u00e9 \u00e9s tudatosan kezelhet\u0151v\u00e9 v\u00e1ljanak.\n              <\/p>\n              <p style=\"margin-top:16px;\">\n                Szakmai tev\u00e9kenys\u00e9ge a t\u0151kepiaci elemz\u00e9st\u0151l a tan\u00e1csad\u00e1sig terjed; jelenleg is a Budapesti Gazdas\u00e1gi Egyetem megh\u00edvott el\u0151ad\u00f3ja, ahol a \u201eSzem\u00e9lyes p\u00e9nz\u00fcgyek\u201d kurzust vezeti. Tapasztalata szerint a p\u00e9nz\u00fcgyi biztons\u00e1g alapvet\u0151 k\u00e9rd\u00e9sei gener\u00e1ci\u00f3kon \u00e1t\u00edvel\u0151ek: a c\u00e9lok \u00e9s a lehet\u0151s\u00e9gek v\u00e1ltozhatnak, de a tudatos tervez\u00e9s ig\u00e9nye k\u00f6z\u00f6s marad. El\u0151ad\u00e1sain k\u00f6z\u00e9rthet\u0151 keretek k\u00f6z\u00f6tt, gyakorlati p\u00e9ld\u00e1kon kereszt\u00fcl mutatja be, hogyan \u00e1ll\u00edthat\u00f3 a felhalmozott tud\u00e1s \u00e9s a megfontolts\u00e1g a hossz\u00fa t\u00e1v\u00fa anyagi nyugalom szolg\u00e1lat\u00e1ba.\n              <\/p>\n            <\/div>\n          <\/div>\n        <\/div>\n      <\/div>\n    <\/div>\n\n    <div class=\"dig60sub-topgrid\">\n      <div class=\"dig60sub-speaker\">\n        <div class=\"dig60sub-card-media\">\n          <div class=\"dig60sub-cloud\"><\/div>\n          <div class=\"dig60sub-media-img\">\n            <img decoding=\"async\" src=\"https:\/\/aktivhatvan.hu\/wp-content\/uploads\/2026\/03\/PK.webp\" alt=\"Papszt Kriszta\">\n          <\/div>\n        <\/div>\n      <\/div>\n\n      <div class=\"dig60sub-intro\">\n        <div class=\"dig60sub-intro-wrap\">\n          <div class=\"dig60sub-intro-plus\">\n            <img decoding=\"async\" src=\"https:\/\/aktivhatvan.hu\/wp-content\/uploads\/2026\/03\/plus-blue-pink.png\" alt=\"\">\n          <\/div>\n          <div class=\"dig60sub-intro-box\">\n            <div class=\"dig60sub-intro-content\">\n              <h3>PAPSZT KRISZTA<\/h3>\n              <p>\n                P\u00e9nz\u00fcgyi tan\u00e1csad\u00f3 \u00e9s mentor, aki t\u00f6bb mint tizen\u00f6t \u00e9ves fi\u00f3kigazgat\u00f3i tapasztalattal rendelkezik a lakoss\u00e1gi p\u00e9nz\u00fcgyek, megtakar\u00edt\u00e1sok \u00e9s befektet\u00e9sek ter\u00fclet\u00e9n. P\u00e1lyafut\u00e1sa sor\u00e1n t\u00f6bb ezer \u00fcgyf\u00e9l d\u00f6nt\u00e9seit k\u00eds\u00e9rte v\u00e9gig, \u00edgy pontosan \u00e9rti a mindennapi p\u00e9nz\u00fcgyi bizonytalans\u00e1gokat \u00e9s a hossz\u00fa t\u00e1v\u00fa tervez\u00e9s val\u00f3di kih\u00edv\u00e1sait.\n              <\/p>\n              <p style=\"margin-top:16px;\">\n                Saj\u00e1t praxis\u00e1ban a banki szak\u00e9rtelmet coaching szeml\u00e9lettel \u00f6tv\u00f6zi. Seg\u00edt abban, hogy a r\u00e9sztvev\u0151k \u00e1tl\u00e1that\u00f3, stabil \u00e9s felel\u0151ss\u00e9gteljes rendszert \u00e9p\u00edtsenek saj\u00e1t er\u0151forr\u00e1saik kezel\u00e9s\u00e9re. Munk\u00e1j\u00e1nak k\u00f6z\u00e9ppontj\u00e1ban a biztons\u00e1g, az etikus gazd\u00e1lkod\u00e1s \u00e9s a csal\u00e1di \u00f6sszetartoz\u00e1st seg\u00edt\u0151 gondoskod\u00e1s \u00e1ll. Gyakorlatorient\u00e1lt el\u0151ad\u00e1sainak c\u00e9lja a val\u00f3di p\u00e9nz\u00fcgyi \u00f6n\u00e1ll\u00f3s\u00e1g meger\u0151s\u00edt\u00e9se.\n              <\/p>\n            <\/div>\n          <\/div>\n        <\/div>\n      <\/div>\n    <\/div>\n\n    <div class=\"dig60sub-dates\">\n      <p class=\"dig60sub-dates-title\">ID\u0150PONTOK<\/p>\n\n      <div class=\"dig60sub-dates-series\">\n        <p class=\"dig60sub-dates-series-title\">ELS\u0150 PROGRAMSOROZAT<\/p>\n        <ul class=\"dig60sub-dates-list\">\n          <li>\u00e1prilis 22. \u2013 16:00\u201318:00<\/li>\n          <li>\u00e1prilis 27. \u2013 16:00\u201318:00<\/li>\n          <li>m\u00e1jus 04. \u2013 16:00\u201318:00<\/li>\n        <\/ul>\n      <\/div>\n\n      <div class=\"dig60sub-dates-series\">\n        <p class=\"dig60sub-dates-series-title\">M\u00c1SODIK PROGRAMSOROZAT<\/p>\n        <ul class=\"dig60sub-dates-list\">\n          <li>m\u00e1jus 11. \u2013 16:00\u201318:00<\/li>\n          <li>m\u00e1jus 18. \u2013 16:00\u201318:00<\/li>\n          <li>m\u00e1jus 27. \u2013 16:00\u201318:00<\/li>\n        <\/ul>\n      <\/div>\n    <\/div>\n\n    <div class=\"dig60sub-info\">\n      <p>Helysz\u00edn: Rumbach Sebesty\u00e9n utcai zsinag\u00f3ga (1074 Budapest, Rumbach Sebesty\u00e9n u. 13.)<\/p>\n      <p>A programsorozat 3 alkalomb\u00f3l \u00e1ll, a csoport l\u00e9tsz\u00e1ma legfeljebb 20 f\u0151.<\/p>\n      <p>A programok egym\u00e1sra \u00e9p\u00fcl\u0151 tematik\u00e1ja miatt a teljes folyamatban val\u00f3 r\u00e9szv\u00e9tel elengedhetetlen a tud\u00e1s magabiztos elsaj\u00e1t\u00edt\u00e1s\u00e1hoz.<\/p>\n      <p>A foglalkoz\u00e1sokat Papszt Kriszta, Barna Viktor \u00e9s M\u00f3ger P\u00e1l vezetik.<\/p>\n    <\/div>\n\n    <div class=\"dig60sub-actions\">\n      <a class=\"dig60sub-apply\" href=\"https:\/\/aktivhatvan.hu\/index.php\/kerdoiv\/\">JELENTKEZ\u00c9S<\/a>\n      <a class=\"dig60sub-home\" href=\"https:\/\/aktivhatvan.hu\/\">F\u0150OLDAL<\/a>\n    <\/div>\n\n  <\/div>\n<\/section>\t\t\t\t<\/div>\n\t\t\t\t\t<\/div>\n\t\t\t\t<\/div>\n\t\t\t\t<\/div>\n\t\t","protected":false},"excerpt":{"rendered":"<p>P\u00c9NZ\u00dcGYI TUDATOSS\u00c1G Az \u00e9let\u00fat \u00faj szakasz\u00e1ba val\u00f3 \u00e1tl\u00e9p\u00e9s nemcsak \u00e9letm\u00f3dbeli v\u00e1lt\u00e1s, hanem egy olyan p\u00e9nz\u00fcgyi fordul\u00f3pont is, amely \u00faj k\u00e9rd\u00e9seket [&hellip;]<\/p>\n","protected":false},"author":1,"featured_media":0,"parent":0,"menu_order":0,"comment_status":"closed","ping_status":"closed","template":"","meta":{"site-sidebar-layout":"no-sidebar","site-content-layout":"","ast-site-content-layout":"full-width-container","site-content-style":"default","site-sidebar-style":"default","ast-global-header-display":"disabled","ast-banner-title-visibility":"","ast-main-header-display":"","ast-hfb-above-header-display":"","ast-hfb-below-header-display":"","ast-hfb-mobile-header-display":"","site-post-title":"disabled","ast-breadcrumbs-content":"","ast-featured-img":"disabled","footer-sml-layout":"disabled","ast-disable-related-posts":"","theme-transparent-header-meta":"","adv-header-id-meta":"","stick-header-meta":"","header-above-stick-meta":"","header-main-stick-meta":"","header-below-stick-meta":"","astra-migrate-meta-layouts":"default","ast-page-background-enabled":"default","ast-page-background-meta":{"desktop":{"background-color":"var(--ast-global-color-5)","background-image":"","background-repeat":"repeat","background-position":"center center","background-size":"auto","background-attachment":"scroll","background-type":"","background-media":"","overlay-type":"","overlay-color":"","overlay-opacity":"","overlay-gradient":""},"tablet":{"background-color":"","background-image":"","background-repeat":"repeat","background-position":"center center","background-size":"auto","background-attachment":"scroll","background-type":"","background-media":"","overlay-type":"","overlay-color":"","overlay-opacity":"","overlay-gradient":""},"mobile":{"background-color":"","background-image":"","background-repeat":"repeat","background-position":"center center","background-size":"auto","background-attachment":"scroll","background-type":"","background-media":"","overlay-type":"","overlay-color":"","overlay-opacity":"","overlay-gradient":""}},"ast-content-background-meta":{"desktop":{"background-color":"var(--ast-global-color-4)","background-image":"","background-repeat":"repeat","background-position":"center center","background-size":"auto","background-attachment":"scroll","background-type":"","background-media":"","overlay-type":"","overlay-color":"","overlay-opacity":"","overlay-gradient":""},"tablet":{"background-color":"var(--ast-global-color-4)","background-image":"","background-repeat":"repeat","background-position":"center center","background-size":"auto","background-attachment":"scroll","background-type":"","background-media":"","overlay-type":"","overlay-color":"","overlay-opacity":"","overlay-gradient":""},"mobile":{"background-color":"var(--ast-global-color-4)","background-image":"","background-repeat":"repeat","background-position":"center center","background-size":"auto","background-attachment":"scroll","background-type":"","background-media":"","overlay-type":"","overlay-color":"","overlay-opacity":"","overlay-gradient":""}},"footnotes":""},"class_list":["post-119","page","type-page","status-publish","hentry"],"_links":{"self":[{"href":"https:\/\/aktivhatvan.hu\/index.php\/wp-json\/wp\/v2\/pages\/119","targetHints":{"allow":["GET"]}}],"collection":[{"href":"https:\/\/aktivhatvan.hu\/index.php\/wp-json\/wp\/v2\/pages"}],"about":[{"href":"https:\/\/aktivhatvan.hu\/index.php\/wp-json\/wp\/v2\/types\/page"}],"author":[{"embeddable":true,"href":"https:\/\/aktivhatvan.hu\/index.php\/wp-json\/wp\/v2\/users\/1"}],"replies":[{"embeddable":true,"href":"https:\/\/aktivhatvan.hu\/index.php\/wp-json\/wp\/v2\/comments?post=119"}],"version-history":[{"count":23,"href":"https:\/\/aktivhatvan.hu\/index.php\/wp-json\/wp\/v2\/pages\/119\/revisions"}],"predecessor-version":[{"id":763,"href":"https:\/\/aktivhatvan.hu\/index.php\/wp-json\/wp\/v2\/pages\/119\/revisions\/763"}],"wp:attachment":[{"href":"https:\/\/aktivhatvan.hu\/index.php\/wp-json\/wp\/v2\/media?parent=119"}],"curies":[{"name":"wp","href":"https:\/\/api.w.org\/{rel}","templated":true}]}}