{"id":130,"date":"2026-03-05T21:06:29","date_gmt":"2026-03-05T21:06:29","guid":{"rendered":"https:\/\/aktivhatvan.hu\/?page_id=130"},"modified":"2026-03-24T04:16:52","modified_gmt":"2026-03-24T04:16:52","slug":"home-workshop-uj-celok-regi-lendulet","status":"publish","type":"page","link":"https:\/\/aktivhatvan.hu\/index.php\/home-workshop-uj-celok-regi-lendulet\/","title":{"rendered":"Home workshop &#8211; \u00faj c\u00e9lok, r\u00e9gi lend\u00fclet"},"content":{"rendered":"\t\t<div data-elementor-type=\"wp-page\" data-elementor-id=\"130\" class=\"elementor elementor-130\">\n\t\t\t\t<div class=\"elementor-element elementor-element-b322b9c e-flex e-con-boxed e-con e-parent\" data-id=\"b322b9c\" data-element_type=\"container\" data-e-type=\"container\">\n\t\t\t\t\t<div class=\"e-con-inner\">\n\t\t\t\t<div class=\"elementor-element elementor-element-4bf46d3 elementor-widget elementor-widget-html\" data-id=\"4bf46d3\" data-element_type=\"widget\" data-e-type=\"widget\" data-widget_type=\"html.default\">\n\t\t\t\t\t<style>\n.dig60sub,\n.dig60sub *{\n  box-sizing:border-box;\n}\n\n.dig60sub{\n  --c-blue:#2F82C9;\n  --c-blue-dark:#2F4E97;\n  --c-light:#F3F3F3;\n  --c-text:#222222;\n  --c-sky:#CFEAF8;\n  --c-green-light:#C7E090;\n  --c-green:#89A800;\n  --c-white:#FFFFFF;\n  --c-pink:#E48AA0;\n\n  position:relative;\n  left:50%;\n  transform:translateX(-50%);\n  width:min(1580px, calc(100vw - 40px));\n  max-width:min(1580px, calc(100vw - 40px));\n  margin:32px 0 40px;\n  background:var(--c-light);\n  overflow:hidden;\n  font-family:\"Poppins\", Arial, Helvetica, sans-serif;\n}\n\n.dig60sub-inner{\n  max-width:1240px;\n  margin:0 auto;\n  padding:38px 34px 40px;\n}\n\n\/* FEJL\u00c9C *\/\n.dig60sub-title{\n  margin:0 0 18px;\n  color:var(--c-blue);\n  font-size:62px;\n  line-height:.96;\n  font-weight:800;\n  letter-spacing:-0.03em;\n  text-transform:uppercase;\n}\n\n.dig60sub-lead{\n  margin:0 0 18px;\n  color:#232323;\n  font-size:19px;\n  line-height:1.52;\n  font-weight:400;\n}\n\n.dig60sub-lead:last-of-type{\n  margin-bottom:26px;\n}\n\n\/* T\u00d6RZS *\/\n.dig60sub-section-title{\n  margin:18px 0 12px;\n  color:#000;\n  font-size:28px;\n  line-height:1.05;\n  font-weight:800;\n  text-transform:uppercase;\n}\n\n.dig60sub-body{\n  margin:0;\n  color:#232323;\n  font-size:18px;\n  line-height:1.52;\n  font-weight:400;\n}\n\n\/* K\u00c9T HAS\u00c1B BLOKK *\/\n.dig60sub-topgrid{\n  display:grid;\n  grid-template-columns:1fr 1fr;\n  gap:30px;\n  align-items:start;\n  margin-bottom:26px;\n}\n\n.dig60sub-speaker,\n.dig60sub-intro{\n  min-width:0;\n}\n\n\/* K\u00c9PES DOBOZ *\/\n.dig60sub-card-media{\n  position:relative;\n  width:100%;\n  min-height:325px;\n  border-radius:26px;\n  overflow:hidden;\n  background:linear-gradient(180deg, var(--c-sky) 0%, var(--c-sky) 64%, transparent 64%);\n}\n\n.dig60sub-card-media::before{\n  content:\"\";\n  position:absolute;\n  left:0;\n  right:0;\n  bottom:0;\n  height:34%;\n  background:\n    radial-gradient(130% 90% at 22% 0%, var(--c-green-light) 0 38%, transparent 39%),\n    radial-gradient(120% 110% at 72% 0%, #D9EDB3 0 34%, transparent 35%),\n    radial-gradient(135% 115% at 55% 100%, var(--c-green) 0 56%, transparent 57%),\n    linear-gradient(0deg, var(--c-green), var(--c-green));\n  pointer-events:none;\n}\n\n.dig60sub-cloud{\n  position:absolute;\n  top:22px;\n  left:22px;\n  width:96px;\n  height:48px;\n  background:#fff;\n  border-radius:40px;\n  z-index:1;\n}\n\n.dig60sub-cloud::before,\n.dig60sub-cloud::after{\n  content:\"\";\n  position:absolute;\n  background:#fff;\n  border-radius:50%;\n}\n\n.dig60sub-cloud::before{\n  width:42px;\n  height:42px;\n  left:10px;\n  top:-16px;\n}\n\n.dig60sub-cloud::after{\n  width:56px;\n  height:56px;\n  right:10px;\n  top:-24px;\n}\n\n.dig60sub-media-img{\n  position:absolute;\n  inset:0;\n  z-index:2;\n}\n\n.dig60sub-media-img img{\n  width:100%;\n  height:100%;\n  display:block;\n  object-fit:cover;\n  object-position:center center;\n}\n\n\/* JOBB OLDALI BUBOR\u00c9KOS DOBOZ *\/\n.dig60sub-intro-wrap{\n  position:relative;\n  width:100%;\n  padding-left:26px;\n  padding-top:18px;\n}\n\n.dig60sub-intro-plus{\n  position:absolute;\n  left:0;\n  top:0;\n  width:72px;\n  height:72px;\n  z-index:3;\n}\n\n.dig60sub-intro-plus img{\n  width:100%;\n  height:100%;\n  display:block;\n  object-fit:contain;\n}\n\n.dig60sub-intro-box{\n  position:relative;\n  width:100%;\n  min-height:325px;\n  background:#fff;\n  border:5px solid var(--c-pink);\n  border-radius:18px;\n  padding:38px 28px 24px 40px;\n}\n\n.dig60sub-intro-content{\n  position:relative;\n  z-index:2;\n}\n\n.dig60sub-intro-content h3{\n  margin:0 0 14px;\n  color:var(--c-blue-dark);\n  font-size:28px;\n  line-height:1.1;\n  font-weight:800;\n  text-transform:uppercase;\n}\n\n.dig60sub-intro-content p{\n  margin:0;\n  color:#1f1f1f;\n  font-size:18px;\n  line-height:1.56;\n  font-weight:400;\n}\n\n\/* INFO BLOKK *\/\n.dig60sub-info{\n  margin:12px 0 0;\n}\n\n.dig60sub-info p{\n  margin:0 0 12px;\n  color:#232323;\n  font-size:18px;\n  line-height:1.52;\n  font-weight:400;\n}\n\n.dig60sub-info p:last-child{\n  margin-bottom:0;\n}\n\n.dig60sub-info-strong{\n  font-weight:800;\n  color:#000;\n}\n\n\/* GOMBOK *\/\n.dig60sub-actions{\n  display:flex;\n  gap:14px;\n  flex-wrap:wrap;\n  margin:28px 0 0;\n}\n\n.dig60sub-apply,\n.dig60sub-home{\n  display:inline-flex;\n  align-items:center;\n  justify-content:center;\n  min-height:54px;\n  padding:14px 26px;\n  border-radius:999px;\n  text-decoration:none !important;\n  font-size:16px;\n  line-height:1.1;\n  font-weight:800;\n  text-transform:uppercase;\n  letter-spacing:.02em;\n  transition:.2s ease;\n}\n\n.dig60sub-apply,\n.dig60sub-apply:hover,\n.dig60sub-apply:focus,\n.dig60sub-apply:active,\n.dig60sub-apply:visited{\n  background:var(--c-blue);\n  color:#fff !important;\n}\n\n.dig60sub-home,\n.dig60sub-home:hover,\n.dig60sub-home:focus,\n.dig60sub-home:active,\n.dig60sub-home:visited{\n  background:#fff;\n  color:var(--c-blue) !important;\n  border:2px solid var(--c-blue);\n}\n\n\/* TABLET *\/\n@media (max-width:1280px){\n  .dig60sub{\n    left:auto;\n    transform:none;\n    width:min(100%, calc(100vw - 24px));\n    max-width:min(100%, calc(100vw - 24px));\n    margin:24px auto 30px;\n  }\n\n  .dig60sub-inner{\n    padding:28px 22px 32px;\n  }\n\n  .dig60sub-title{\n    font-size:48px;\n  }\n\n  .dig60sub-lead,\n  .dig60sub-body,\n  .dig60sub-info p{\n    font-size:18px;\n  }\n\n  .dig60sub-section-title{\n    font-size:24px;\n  }\n\n  .dig60sub-topgrid{\n    grid-template-columns:1fr;\n    gap:20px;\n  }\n\n  .dig60sub-card-media{\n    min-height:280px;\n    border-radius:22px;\n  }\n\n  .dig60sub-intro-wrap{\n    padding-left:22px;\n    padding-top:16px;\n  }\n\n  .dig60sub-intro-plus{\n    width:58px;\n    height:58px;\n  }\n\n  .dig60sub-intro-box{\n    min-height:auto;\n    border-width:4px;\n    padding:30px 20px 20px 28px;\n  }\n\n  .dig60sub-intro-content h3{\n    font-size:24px;\n  }\n\n  .dig60sub-intro-content p{\n    font-size:17px;\n  }\n\n  .dig60sub-actions{\n    margin-top:24px;\n  }\n\n  .dig60sub-apply,\n  .dig60sub-home{\n    font-size:15px;\n    min-height:50px;\n    padding:13px 22px;\n  }\n}\n\n\/* MOBIL *\/\n@media (max-width:780px){\n  .dig60sub{\n    width:100vw;\n    max-width:100vw;\n    margin:18px 0 24px;\n    margin-left:calc(50% - 50vw);\n    margin-right:calc(50% - 50vw);\n  }\n\n  .dig60sub-inner{\n    padding:22px 16px 24px;\n  }\n\n  .dig60sub-title{\n    font-size:34px;\n    line-height:.98;\n    margin-bottom:14px;\n  }\n\n  .dig60sub-lead,\n  .dig60sub-body,\n  .dig60sub-info p{\n    font-size:16px;\n    line-height:1.5;\n  }\n\n  .dig60sub-topgrid{\n    gap:16px;\n  }\n\n  .dig60sub-card-media{\n    min-height:210px;\n    border-radius:18px;\n  }\n\n  .dig60sub-cloud{\n    transform:scale(.75);\n    transform-origin:top left;\n  }\n\n  .dig60sub-intro-wrap{\n    padding-left:16px;\n    padding-top:14px;\n  }\n\n  .dig60sub-intro-plus{\n    width:46px;\n    height:46px;\n  }\n\n  .dig60sub-intro-box{\n    min-height:auto;\n    border-width:4px;\n    border-radius:14px;\n    padding:24px 14px 16px 20px;\n  }\n\n  .dig60sub-intro-content h3{\n    font-size:20px;\n    margin-bottom:10px;\n  }\n\n  .dig60sub-intro-content p{\n    font-size:16px;\n    line-height:1.5;\n  }\n\n  .dig60sub-section-title{\n    font-size:20px;\n    margin:10px 0 10px;\n  }\n\n  .dig60sub-actions{\n    gap:10px;\n    margin-top:20px;\n  }\n\n  .dig60sub-apply,\n  .dig60sub-home{\n    width:100%;\n    min-height:48px;\n    font-size:14px;\n    padding:12px 18px;\n  }\n}\n<\/style>\n\n<section class=\"dig60sub\">\n  <div class=\"dig60sub-inner\">\n\n    <h1 class=\"dig60sub-title\">\u00daJRAHANGOL\u00d3 PROGRAM<\/h1>\n\n    <p class=\"dig60sub-lead\">\n      A program seg\u00edts\u00e9get ny\u00fajt a nyugd\u00edj el\u0151tt \u00e1ll\u00f3knak \u00e9s a friss nyugd\u00edjasoknak az el\u0151tt\u00fck \u00e1ll\u00f3 id\u0151szak tudatos kialak\u00edt\u00e1s\u00e1ban. A folyamat sor\u00e1n a r\u00e9sztvev\u0151k beazonos\u00edthatj\u00e1k bels\u0151 er\u0151forr\u00e1saikat \u00e9s lehet\u0151s\u00e9geiket, mik\u00f6zben hasonl\u00f3 \u00e9lethelyzetben l\u00e9v\u0151 t\u00e1rsakkal ker\u00fclhetnek szakmai \u00e9s emberi k\u00f6z\u00f6ss\u00e9gbe.\n    <\/p>\n\n    <p class=\"dig60sub-lead\">\n      Mivel a program intenz\u00edv \u00e9s magas fok\u00fa elk\u00f6telez\u0151d\u00e9st ig\u00e9nyel, a jelentkez\u00e9si folyamat minden esetben egy szem\u00e9lyes besz\u00e9lget\u00e9ssel kezd\u0151dik.\n    <\/p>\n\n    <h2 class=\"dig60sub-section-title\">A PROGRAMR\u00d3L<\/h2>\n    <p class=\"dig60sub-body\">\n      Az \u00dajrahangol\u00f3 Program olyan t\u00e1mogatott folyamat, amely seg\u00edt tudatosan felk\u00e9sz\u00fclni az \u00e9let \u00faj szakasz\u00e1ra. A r\u00e9sztvev\u0151k struktur\u00e1lt form\u00e1ban gondolhatj\u00e1k v\u00e9gig saj\u00e1t er\u0151forr\u00e1saikat, terveiket, k\u00e9rd\u00e9seiket \u00e9s lehet\u0151s\u00e9geiket, mik\u00f6zben k\u00f6z\u00f6ss\u00e9gi \u00e9lm\u00e9nyen kereszt\u00fcl is meger\u0151s\u00edt\u00e9st kapnak.\n    <\/p>\n\n    <p class=\"dig60sub-body\" style=\"margin-top:16px; margin-bottom:26px;\">\n      A foglalkoz\u00e1sok c\u00e9lja, hogy a v\u00e1ltoz\u00e1s id\u0151szaka ne bizonytalans\u00e1gk\u00e9nt, hanem \u00fajratervezhet\u0151, \u00e9rt\u00e9kekre \u00e9p\u00fcl\u0151 \u00e9letszakaszk\u00e9nt jelenjen meg. A program a k\u00f6z\u00f6s gondolkod\u00e1sra, az \u00f6nreflexi\u00f3ra \u00e9s a gyakorlati kapaszkod\u00f3kra \u00e9p\u00edt.\n    <\/p>\n\n    <h2 class=\"dig60sub-section-title\">SZAK\u00c9RT\u0150K<\/h2>\n\n    <div class=\"dig60sub-topgrid\">\n      <div class=\"dig60sub-speaker\">\n        <div class=\"dig60sub-card-media\">\n          <div class=\"dig60sub-cloud\"><\/div>\n          <div class=\"dig60sub-media-img\">\n            <img decoding=\"async\" src=\"https:\/\/aktivhatvan.hu\/wp-content\/uploads\/2026\/03\/HK.webp\" alt=\"Halmai Krisztina\">\n          <\/div>\n        <\/div>\n      <\/div>\n\n      <div class=\"dig60sub-intro\">\n        <div class=\"dig60sub-intro-wrap\">\n          <div class=\"dig60sub-intro-plus\">\n            <img decoding=\"async\" src=\"https:\/\/aktivhatvan.hu\/wp-content\/uploads\/2026\/03\/plus-blue-pink.png\" alt=\"\">\n          <\/div>\n          <div class=\"dig60sub-intro-box\">\n            <div class=\"dig60sub-intro-content\">\n              <h3>HALMAI KRISZTINA<\/h3>\n              <p>\n                Seg\u00edt\u0151 szakemberk\u00e9nt t\u00edz \u00e9ve t\u00e1mogatja az egy\u00e9neket \u00e9s k\u00f6z\u00f6ss\u00e9geket az \u00e9let\u00fcket \u00e9rint\u0151 sorsford\u00edt\u00f3 helyzetekben. Tapasztalat\u00e1t a szoci\u00e1lis \u00e9s az \u00fczleti szf\u00e9r\u00e1ban, valamint csoportos tr\u00e9ningek sor\u00e1n m\u00e9ly\u00edtette el. Krisztina m\u00f3dszertan\u00e1nak alapja a megold\u00e1sf\u00f3kusz\u00fa megk\u00f6zel\u00edt\u00e9s: nem a probl\u00e9m\u00e1kra, hanem a r\u00e9sztvev\u0151kben rejl\u0151 \u00e9rt\u00e9kekre \u00e9s rem\u00e9nyekre \u00e9p\u00edt.\n              <\/p>\n              <p style=\"margin-top:16px;\">\n                Kiemelten fontosnak tartja a gener\u00e1ci\u00f3k k\u00f6z\u00f6tti p\u00e1rbesz\u00e9det \u00e9s a k\u00f6z\u00f6s gondolkod\u00e1st. Oktat\u00f3k\u00e9nt c\u00e9lja egy olyan elfogad\u00f3 l\u00e9gk\u00f6r megteremt\u00e9se, ahol a szem\u00e9lyes t\u00f6rt\u00e9netek megoszt\u00e1sa k\u00f6z\u00f6s tapasztalatt\u00e1 \u00e9s val\u00f3di er\u0151forr\u00e1ss\u00e1 v\u00e1lik mindenki sz\u00e1m\u00e1ra.\n              <\/p>\n            <\/div>\n          <\/div>\n        <\/div>\n      <\/div>\n    <\/div>\n\n    <div class=\"dig60sub-topgrid\">\n      <div class=\"dig60sub-speaker\">\n        <div class=\"dig60sub-card-media\">\n          <div class=\"dig60sub-cloud\"><\/div>\n          <div class=\"dig60sub-media-img\">\n            <img decoding=\"async\" src=\"https:\/\/aktivhatvan.hu\/wp-content\/uploads\/2026\/03\/MCS.webp\" alt=\"M\u00fcller Csaba\">\n          <\/div>\n        <\/div>\n      <\/div>\n\n      <div class=\"dig60sub-intro\">\n        <div class=\"dig60sub-intro-wrap\">\n          <div class=\"dig60sub-intro-plus\">\n            <img decoding=\"async\" src=\"https:\/\/aktivhatvan.hu\/wp-content\/uploads\/2026\/03\/plus-blue-pink.png\" alt=\"\">\n          <\/div>\n          <div class=\"dig60sub-intro-box\">\n            <div class=\"dig60sub-intro-content\">\n              <h3>M\u00dcLLER CSABA<\/h3>\n              <p>\n                K\u00f6zel h\u00e1rom \u00e9vtizedes szakmai m\u00falttal rendelkezik az egy\u00e9ni \u00e9letutak \u00e9s a v\u00e1ltoz\u00e1si folyamatok k\u00eds\u00e9r\u00e9s\u00e9ben. Szoci\u00e1lpolitikai \u00e9s seg\u00edt\u0151 szakemberi h\u00e1tter\u00e9re \u00e9p\u00edtve nyolc \u00e9ve coachk\u00e9nt \u00e9s tr\u00e9nerk\u00e9nt t\u00e1mogatja a hozz\u00e1 fordul\u00f3kat. P\u00e1lyafut\u00e1sa sor\u00e1n kiemelt figyelmet szentelt a munka vil\u00e1g\u00e1b\u00f3l val\u00f3 \u00e1tmenet k\u00e9rd\u00e9seinek; sz\u00e1mos workshopot vezetett azok sz\u00e1m\u00e1ra, akik \u00e9let\u00fck \u00faj fejezet\u00e9nek kapuj\u00e1ban \u00e1llnak.\n              <\/p>\n              <p style=\"margin-top:16px;\">\n                Csaba az emberi m\u00e9lt\u00f3s\u00e1g \u00e9s az egy\u00e9ni d\u00f6nt\u00e9shozatal tisztelet\u00e9t helyezi munk\u00e1ja k\u00f6z\u00e9ppontj\u00e1ba. Oktat\u00f3i c\u00e9lkit\u0171z\u00e9se, hogy biztons\u00e1gos, elfogad\u00f3 l\u00e9gk\u00f6rben seg\u00edtsen felszabad\u00edtani a r\u00e9sztvev\u0151kben rejl\u0151 lehet\u0151s\u00e9geket, \u00e9s magabiztoss\u00e1got adjon az \u00e9let \u00faj szakasz\u00e1nak megtervez\u00e9s\u00e9hez.\n              <\/p>\n            <\/div>\n          <\/div>\n        <\/div>\n      <\/div>\n    <\/div>\n\n    <div class=\"dig60sub-info\">\n      <p><span class=\"dig60sub-info-strong\">A programsorozat 7 alkalomb\u00f3l \u00e1ll<\/span>, a csoportok maxim\u00e1lis l\u00e9tsz\u00e1ma 15 f\u0151.<\/p>\n      <p>A foglalkoz\u00e1sok egym\u00e1sra \u00e9p\u00fcl\u0151 tematik\u00e1ja miatt a teljes folyamatban val\u00f3 r\u00e9szv\u00e9tel elengedhetetlen a k\u00f6z\u00f6s fejl\u0151d\u00e9shez.<\/p>\n      <p><span class=\"dig60sub-info-strong\">Az \u00dajrahangol\u00f3 programsorozat \u0151sszel indul.<\/span><\/p>\n      <p>A jelentkez\u00e9si folyamat minden esetben szem\u00e9lyes besz\u00e9lget\u00e9ssel kezd\u0151dik.<\/p>\n    <\/div>\n\n    <div class=\"dig60sub-actions\">\n      <a class=\"dig60sub-apply\" href=\"https:\/\/aktivhatvan.hu\/index.php\/kerdoiv\/\">JELENTKEZ\u00c9S<\/a>\n      <a class=\"dig60sub-home\" href=\"https:\/\/aktivhatvan.hu\/\">F\u0150OLDAL<\/a>\n    <\/div>\n\n  <\/div>\n<\/section>\t\t\t\t<\/div>\n\t\t\t\t\t<\/div>\n\t\t\t\t<\/div>\n\t\t\t\t<\/div>\n\t\t","protected":false},"excerpt":{"rendered":"<p>\u00daJRAHANGOL\u00d3 PROGRAM A program seg\u00edts\u00e9get ny\u00fajt a nyugd\u00edj el\u0151tt \u00e1ll\u00f3knak \u00e9s a friss nyugd\u00edjasoknak az el\u0151tt\u00fck \u00e1ll\u00f3 id\u0151szak tudatos kialak\u00edt\u00e1s\u00e1ban. [&hellip;]<\/p>\n","protected":false},"author":1,"featured_media":0,"parent":0,"menu_order":0,"comment_status":"closed","ping_status":"closed","template":"","meta":{"site-sidebar-layout":"no-sidebar","site-content-layout":"","ast-site-content-layout":"full-width-container","site-content-style":"default","site-sidebar-style":"default","ast-global-header-display":"disabled","ast-banner-title-visibility":"","ast-main-header-display":"","ast-hfb-above-header-display":"","ast-hfb-below-header-display":"","ast-hfb-mobile-header-display":"","site-post-title":"disabled","ast-breadcrumbs-content":"","ast-featured-img":"disabled","footer-sml-layout":"disabled","ast-disable-related-posts":"","theme-transparent-header-meta":"","adv-header-id-meta":"","stick-header-meta":"","header-above-stick-meta":"","header-main-stick-meta":"","header-below-stick-meta":"","astra-migrate-meta-layouts":"default","ast-page-background-enabled":"default","ast-page-background-meta":{"desktop":{"background-color":"var(--ast-global-color-5)","background-image":"","background-repeat":"repeat","background-position":"center center","background-size":"auto","background-attachment":"scroll","background-type":"","background-media":"","overlay-type":"","overlay-color":"","overlay-opacity":"","overlay-gradient":""},"tablet":{"background-color":"","background-image":"","background-repeat":"repeat","background-position":"center center","background-size":"auto","background-attachment":"scroll","background-type":"","background-media":"","overlay-type":"","overlay-color":"","overlay-opacity":"","overlay-gradient":""},"mobile":{"background-color":"","background-image":"","background-repeat":"repeat","background-position":"center center","background-size":"auto","background-attachment":"scroll","background-type":"","background-media":"","overlay-type":"","overlay-color":"","overlay-opacity":"","overlay-gradient":""}},"ast-content-background-meta":{"desktop":{"background-color":"var(--ast-global-color-4)","background-image":"","background-repeat":"repeat","background-position":"center center","background-size":"auto","background-attachment":"scroll","background-type":"","background-media":"","overlay-type":"","overlay-color":"","overlay-opacity":"","overlay-gradient":""},"tablet":{"background-color":"var(--ast-global-color-4)","background-image":"","background-repeat":"repeat","background-position":"center center","background-size":"auto","background-attachment":"scroll","background-type":"","background-media":"","overlay-type":"","overlay-color":"","overlay-opacity":"","overlay-gradient":""},"mobile":{"background-color":"var(--ast-global-color-4)","background-image":"","background-repeat":"repeat","background-position":"center center","background-size":"auto","background-attachment":"scroll","background-type":"","background-media":"","overlay-type":"","overlay-color":"","overlay-opacity":"","overlay-gradient":""}},"footnotes":""},"class_list":["post-130","page","type-page","status-publish","hentry"],"_links":{"self":[{"href":"https:\/\/aktivhatvan.hu\/index.php\/wp-json\/wp\/v2\/pages\/130","targetHints":{"allow":["GET"]}}],"collection":[{"href":"https:\/\/aktivhatvan.hu\/index.php\/wp-json\/wp\/v2\/pages"}],"about":[{"href":"https:\/\/aktivhatvan.hu\/index.php\/wp-json\/wp\/v2\/types\/page"}],"author":[{"embeddable":true,"href":"https:\/\/aktivhatvan.hu\/index.php\/wp-json\/wp\/v2\/users\/1"}],"replies":[{"embeddable":true,"href":"https:\/\/aktivhatvan.hu\/index.php\/wp-json\/wp\/v2\/comments?post=130"}],"version-history":[{"count":20,"href":"https:\/\/aktivhatvan.hu\/index.php\/wp-json\/wp\/v2\/pages\/130\/revisions"}],"predecessor-version":[{"id":654,"href":"https:\/\/aktivhatvan.hu\/index.php\/wp-json\/wp\/v2\/pages\/130\/revisions\/654"}],"wp:attachment":[{"href":"https:\/\/aktivhatvan.hu\/index.php\/wp-json\/wp\/v2\/media?parent=130"}],"curies":[{"name":"wp","href":"https:\/\/api.w.org\/{rel}","templated":true}]}}