{"id":2,"date":"2026-01-29T08:35:25","date_gmt":"2026-01-29T08:35:25","guid":{"rendered":"https:\/\/mazs.hu\/hatvanfelett\/?page_id=2"},"modified":"2026-03-25T08:29:33","modified_gmt":"2026-03-25T08:29:33","slug":"kerdoiv","status":"publish","type":"page","link":"https:\/\/aktivhatvan.hu\/index.php\/kerdoiv\/","title":{"rendered":"K\u00e9rd\u0151\u00edv"},"content":{"rendered":"\t\t<div data-elementor-type=\"wp-page\" data-elementor-id=\"2\" class=\"elementor elementor-2\">\n\t\t\t\t<div class=\"elementor-element elementor-element-c7dc28d e-flex e-con-boxed e-con e-parent\" data-id=\"c7dc28d\" data-element_type=\"container\" data-e-type=\"container\">\n\t\t\t\t\t<div class=\"e-con-inner\">\n\t\t\t\t<div class=\"elementor-element elementor-element-97a50f9 elementor-widget elementor-widget-html\" data-id=\"97a50f9\" data-element_type=\"widget\" data-e-type=\"widget\" data-widget_type=\"html.default\">\n\t\t\t\t\t<style>\n.c60q60,\n.c60q60 *{\n  box-sizing:border-box;\n}\n\n.c60q60{\n  --c-blue:#3A5BA7;\n  --c-light:#DDECF7;\n  --c-pink:#F0869D;\n  --c-sky:#83D0F5;\n  --c-white:#FFFFFF;\n  --c-text:#2F4E97;\n  --c-muted:#5B6A84;\n\n  position:relative;\n  left:50%;\n  transform:translateX(-50%);\n  width:min(1580px, calc(100vw - 40px));\n  max-width:min(1580px, calc(100vw - 40px));\n  margin:40px 0;\n  background:var(--c-light);\n  overflow:hidden;\n  font-family:\"Poppins\", Arial, Helvetica, sans-serif;\n}\n\n.c60q60::before{\n  content:\"\";\n  position:absolute;\n  top:0;\n  left:0;\n  width:100%;\n  height:6px;\n  background:var(--c-pink);\n  z-index:1;\n}\n\n.c60q60-inner{\n  position:relative;\n  z-index:2;\n  max-width:1240px;\n  margin:0 auto;\n  padding:40px 28px 42px;\n}\n\n\/* FELS\u0150 R\u00c9SZ *\/\n.c60q60-top{\n  display:grid;\n  grid-template-columns:48% 52%;\n  gap:22px;\n  align-items:start;\n}\n\n.c60q60-left{\n  padding:0 18px 18px 0;\n}\n\n.c60q60-title{\n  margin:0 0 24px;\n  color:var(--c-blue);\n  font-weight:700;\n  font-size:68px;\n  line-height:1.04;\n  letter-spacing:-0.03em;\n  text-transform:uppercase;\n  max-width:680px;\n}\n\n.c60q60-p{\n  margin:0 0 18px;\n  color:var(--c-text);\n  font-weight:400;\n  font-size:21px;\n  line-height:1.66;\n  letter-spacing:-0.01em;\n}\n\n.c60q60-p:last-child{\n  margin-bottom:0;\n}\n\n\/* K\u00c9RD\u0150\u00cdVHEZ UGR\u00c1S *\/\n.c60q60-hint,\n.c60q60-hint:hover,\n.c60q60-hint:focus,\n.c60q60-hint:active,\n.c60q60-hint:visited{\n  display:inline-flex;\n  align-items:center;\n  gap:10px;\n  margin-top:10px;\n  padding:12px 16px;\n  border-radius:999px;\n  background:var(--c-blue);\n  color:#fff !important;\n  text-decoration:none !important;\n  font-size:13px;\n  line-height:1.1;\n  font-weight:700;\n  letter-spacing:.04em;\n  text-transform:uppercase;\n  box-shadow:0 10px 20px rgba(0,0,0,.10);\n}\n\n.c60q60-hint i{\n  width:10px;\n  height:10px;\n  border-right:3px solid rgba(255,255,255,.9);\n  border-bottom:3px solid rgba(255,255,255,.9);\n  transform:rotate(45deg);\n  display:inline-block;\n  margin-top:-2px;\n}\n\n\/* JOBB OLDAL K\u00c9P *\/\n.c60q60-right{\n  position:relative;\n  overflow:hidden;\n  border-top-left-radius:320px;\n  background:#fff;\n  aspect-ratio:1.08 \/ 1;\n  min-height:auto;\n}\n\n.c60q60-right img{\n  width:100%;\n  height:100%;\n  display:block;\n  object-fit:cover;\n  object-position:center center;\n}\n\n\/* K\u00d6Z\u00c9PS\u0150 R\u00d3ZSASZ\u00cdN S\u00c1V *\/\n.c60q60-bar{\n  margin-top:26px;\n  background:var(--c-pink);\n  color:#fff;\n  border-radius:22px;\n  padding:22px 22px 18px;\n  display:flex;\n  align-items:center;\n  justify-content:space-between;\n  gap:18px;\n}\n\n.c60q60-bar-title{\n  margin:0 0 6px;\n  font-size:30px;\n  line-height:1.02;\n  font-weight:700;\n  letter-spacing:-0.02em;\n  text-transform:uppercase;\n}\n\n.c60q60-bar-sub{\n  margin:0;\n  font-size:16px;\n  line-height:1.55;\n  font-weight:400;\n}\n\n.c60q60-chip{\n  display:inline-flex;\n  align-items:center;\n  gap:10px;\n  padding:10px 14px;\n  border-radius:999px;\n  background:rgba(255,255,255,.18);\n  border:1px solid rgba(255,255,255,.28);\n  color:#fff;\n  font-size:13px;\n  line-height:1.1;\n  font-weight:700;\n  letter-spacing:.04em;\n  text-transform:uppercase;\n  white-space:nowrap;\n}\n\n.c60q60-chip span{\n  width:10px;\n  height:10px;\n  border-radius:50%;\n  background:#fff;\n  display:block;\n}\n\n\/* ALS\u00d3 FEH\u00c9R K\u00c1RTYA *\/\n.c60q60-note-wrap{\n  position:relative;\n  max-width:1180px;\n  margin:30px auto 0;\n}\n\n.c60q60-note-plus{\n  position:absolute;\n  left:-24px;\n  top:-22px;\n  width:60px;\n  height:60px;\n  z-index:3;\n}\n\n.c60q60-note-plus img{\n  width:100%;\n  height:100%;\n  display:block;\n  object-fit:contain;\n}\n\n.c60q60-note{\n  background:#fff;\n  border:5px solid var(--c-pink);\n  border-radius:18px;\n  padding:24px 24px 20px;\n}\n\n.c60q60-note h3{\n  margin:0 0 18px;\n  color:var(--c-blue);\n  font-size:38px;\n  line-height:1.04;\n  font-weight:700;\n  letter-spacing:-0.025em;\n  text-transform:uppercase;\n}\n\n.c60q60-note p{\n  margin:0 0 16px;\n  color:var(--c-text);\n  font-size:20px;\n  line-height:1.66;\n  font-weight:400;\n  letter-spacing:-0.01em;\n}\n\n.c60q60-note p:last-child{\n  margin-bottom:0;\n}\n\n\/* LISTA *\/\n.c60q60-list{\n  margin:18px 0 20px;\n  padding:0;\n  list-style:none;\n}\n\n.c60q60-item{\n  display:flex;\n  align-items:flex-start;\n  gap:14px;\n  margin-bottom:16px;\n}\n\n.c60q60-item:last-child{\n  margin-bottom:0;\n}\n\n.c60q60-dot{\n  width:34px;\n  height:34px;\n  flex:0 0 34px;\n  margin-top:2px;\n}\n\n.c60q60-dot img{\n  width:100%;\n  height:100%;\n  display:block;\n  object-fit:contain;\n}\n\n.c60q60-item-text{\n  color:#1f2937;\n  font-size:19px;\n  line-height:1.58;\n  font-weight:400;\n}\n\n.c60q60-item-text strong{\n  color:#1f2937;\n  font-weight:700;\n}\n\n\/* BIZALMI PILLEK *\/\n.c60q60-trust{\n  margin-top:18px;\n  padding-top:16px;\n  border-top:1px dashed rgba(58,91,167,.22);\n  display:flex;\n  flex-wrap:wrap;\n  gap:10px;\n}\n\n.c60q60-pill{\n  display:inline-flex;\n  align-items:center;\n  gap:8px;\n  padding:8px 12px;\n  border-radius:999px;\n  background:rgba(58,91,167,.08);\n  border:1px solid rgba(58,91,167,.14);\n  color:var(--c-blue);\n  font-weight:700;\n  font-size:12px;\n  letter-spacing:.02em;\n}\n\n.c60q60-pill i{\n  width:8px;\n  height:8px;\n  border-radius:50%;\n  background:var(--c-blue);\n  display:inline-block;\n}\n\n\/* FORM BLOKK *\/\n.c60q60-formWrap{\n  margin-top:24px;\n  background:#fff;\n  border-radius:18px;\n  padding:20px;\n  border:2px solid rgba(58,91,167,.14);\n}\n\n#c60q-form{\n  scroll-margin-top:90px;\n}\n\n\/* TABLET *\/\n@media (max-width:1280px){\n  .c60q60{\n    left:auto;\n    transform:none;\n    width:min(100%, calc(100vw - 24px));\n    max-width:min(100%, calc(100vw - 24px));\n    margin:28px auto;\n  }\n\n  .c60q60-inner{\n    padding:28px 24px 32px;\n  }\n\n  .c60q60-top{\n    grid-template-columns:1fr;\n    gap:20px;\n  }\n\n  .c60q60-left{\n    padding:0;\n  }\n\n  .c60q60-title{\n    font-size:50px;\n    line-height:1.04;\n    margin-bottom:20px;\n    max-width:100%;\n  }\n\n  .c60q60-p,\n  .c60q60-note p{\n    font-size:18px;\n    line-height:1.6;\n  }\n\n  .c60q60-right{\n    border-top-left-radius:180px;\n    aspect-ratio:1.08 \/ 1;\n  }\n\n  .c60q60-bar{\n    flex-direction:column;\n    align-items:flex-start;\n  }\n\n  .c60q60-bar-title{\n    font-size:26px;\n  }\n\n  .c60q60-note-wrap{\n    margin-top:22px;\n  }\n\n  .c60q60-note-plus{\n    left:-10px;\n    top:-16px;\n    width:52px;\n    height:52px;\n  }\n\n  .c60q60-note{\n    border-width:4px;\n    padding:18px 18px 16px;\n  }\n\n  .c60q60-note h3{\n    font-size:30px;\n  }\n\n  .c60q60-item-text{\n    font-size:17px;\n  }\n\n  .c60q60-dot{\n    width:30px;\n    height:30px;\n    flex-basis:30px;\n  }\n}\n\n\/* MOBIL *\/\n@media (max-width:780px){\n  .c60q60{\n    width:100vw;\n    max-width:100vw;\n    margin:22px 0;\n    margin-left:calc(50% - 50vw);\n    margin-right:calc(50% - 50vw);\n  }\n\n  .c60q60-inner{\n    padding:20px 16px 24px;\n  }\n\n  .c60q60-title{\n    font-size:36px;\n    line-height:1.08;\n    margin-bottom:16px;\n    max-width:100%;\n  }\n\n  .c60q60-p{\n    font-size:16px;\n    line-height:1.58;\n    margin-bottom:12px;\n  }\n\n  .c60q60-right{\n    border-top-left-radius:120px;\n    aspect-ratio:1.08 \/ 1;\n  }\n\n  .c60q60-bar{\n    margin-top:18px;\n    border-radius:16px;\n    padding:16px 14px 14px;\n  }\n\n  .c60q60-bar-title{\n    font-size:22px;\n  }\n\n  .c60q60-bar-sub{\n    font-size:15px;\n    line-height:1.5;\n  }\n\n  .c60q60-chip{\n    font-size:11px;\n  }\n\n  .c60q60-note-wrap{\n    margin-top:18px;\n  }\n\n  .c60q60-note-plus{\n    left:-4px;\n    top:-12px;\n    width:44px;\n    height:44px;\n  }\n\n  .c60q60-note{\n    border-width:4px;\n    border-radius:14px;\n    padding:14px 14px 12px;\n  }\n\n  .c60q60-note h3{\n    font-size:24px;\n    margin-bottom:12px;\n  }\n\n  .c60q60-note p{\n    font-size:16px;\n    line-height:1.58;\n    margin-bottom:12px;\n  }\n\n  .c60q60-item{\n    gap:12px;\n    margin-bottom:12px;\n  }\n\n  .c60q60-dot{\n    width:26px;\n    height:26px;\n    flex-basis:26px;\n  }\n\n  .c60q60-item-text{\n    font-size:16px;\n    line-height:1.5;\n  }\n\n  .c60q60-formWrap{\n    padding:14px;\n  }\n}\n<\/style>\n\n<div class=\"c60q60\">\n  <div class=\"c60q60-inner\">\n\n    <div class=\"c60q60-top\">\n\n      <div class=\"c60q60-left\">\n        <h2 class=\"c60q60-title\">K\u00c9SZ\u00dcLJ\u00d6N TUDATOSAN<br>EGY \u00daJ \u00c9LETSZAKASZRA!<\/h2>\n\n        <p class=\"c60q60-p\">\n          \u00d6r\u00fcl\u00fcnk, hogy itt van. K\u00f6sz\u00f6nj\u00fck, hogy kit\u00f6lti ezt a p\u00e1r perces k\u00e9rd\u0151\u00edvet.\n        <\/p>\n\n        <p class=\"c60q60-p\">\n          A nyugd\u00edj nem visszavonul\u00e1s, hanem egy \u00fajra tervezhet\u0151 \u00e9letszakasz. Ez a n\u00e9h\u00e1ny k\u00e9rd\u00e9s abban seg\u00edt, hogy meg\u00e9rts\u00fck ig\u00e9nyeit.\n        <\/p>\n\n        <a class=\"c60q60-hint\" href=\"#c60q-form\"><i><\/i> G\u00d6RGESSEN LE A K\u00c9RD\u0150\u00cdVHEZ<\/a>\n      <\/div>\n\n      <div class=\"c60q60-right\">\n        <img decoding=\"async\" src=\"https:\/\/aktivhatvan.hu\/wp-content\/uploads\/2026\/03\/5.png\" alt=\"K\u00f6z\u00f6ss\u00e9gi t\u00e1mogat\u00e1s\">\n      <\/div>\n\n    <\/div>\n\n    <section class=\"c60q60-bar\">\n      <div>\n        <div class=\"c60q60-bar-title\">KEDVES \u00c9RDEKL\u0150D\u0150!<\/div>\n        <p class=\"c60q60-bar-sub\">\n          \u00d6r\u00fcl\u00fcnk, hogy itt van. K\u00f6sz\u00f6nj\u00fck, hogy kit\u00f6lti ezt a p\u00e1r perces k\u00e9rd\u0151\u00edvet.\n        <\/p>\n      <\/div>\n      <div class=\"c60q60-chip\"><span><\/span> P\u00c1R PERC \u2022 NAGY SEG\u00cdTS\u00c9G<\/div>\n    <\/section>\n\n    <div class=\"c60q60-note-wrap\">\n      <div class=\"c60q60-note-plus\">\n        <img decoding=\"async\" src=\"https:\/\/aktivhatvan.hu\/wp-content\/uploads\/2026\/03\/plus-blue-pink.png\" alt=\"\">\n      <\/div>\n\n      <div class=\"c60q60-note\">\n        <h3>MI\u00c9RT \u00c9RDEMES KIT\u00d6LTENI?<\/h3>\n\n        <p>\n          A nyugd\u00edj nem visszavonul\u00e1s, hanem egy <strong>\u00fajratervezhet\u0151<\/strong> \u00e9letszakasz. Ez a n\u00e9h\u00e1ny k\u00e9rd\u00e9s abban seg\u00edt, hogy meg\u00e9rts\u00fck ig\u00e9nyeit.\n        <\/p>\n\n        <div class=\"c60q60-trust\" aria-label=\"bizalom\">\n          <span class=\"c60q60-pill\"><i><\/i> \u00c9RTHET\u0150 K\u00c9RD\u00c9SEK<\/span>\n          <span class=\"c60q60-pill\"><i><\/i> BAR\u00c1TS\u00c1GOS TEMP\u00d3<\/span>\n          <span class=\"c60q60-pill\"><i><\/i> GYAKORLATI SEG\u00cdTS\u00c9G<\/span>\n        <\/div>\n\n        <div class=\"c60q60-formWrap\">\n          <div id=\"c60q-form\"><\/div>\n          <form id=\"forminator-module-14\" class=\"forminator-custom-form forminator-custom-form-14\" method=\"post\" data-forminator-render=\"0\" data-uid=\"69dfda0ab0283\"><div role=\"alert\" aria-live=\"polite\" class=\"forminator-response-message forminator-error\" aria-hidden=\"true\"><\/div><\/form>\n        <\/div>\n      <\/div>\n    <\/div>\n\n  <\/div>\n<\/div>\t\t\t\t<\/div>\n\t\t\t\t<div class=\"elementor-element elementor-element-4eaa6a6 elementor-widget elementor-widget-html\" data-id=\"4eaa6a6\" data-element_type=\"widget\" data-e-type=\"widget\" data-widget_type=\"html.default\">\n\t\t\t\t\t<div class=\"c60-card borderBlue\" style=\"margin:0 0 14px;\">\n  <h1 style=\"margin:0 0 8px;color:#1E2430;font-weight:900;\">K\u00e9rd\u0151\u00edv<\/h1>\n  <p style=\"margin:0;color:#4B5563;line-height:1.6;\">\n    K\u00e9rj\u00fck, t\u00f6ltse ki a k\u00e9rd\u0151\u00edvet \u2013 ez seg\u00edt, hogy a programot a lehet\u0151 legjobban az \u00d6n ig\u00e9nyeihez igaz\u00edtsuk.\n  <\/p>\n  <div style=\"margin-top:12px;\">\n    <a class=\"c60-btn c60-btn--ghost\" href=\"\/\">VISSZA A F\u0150OLDALRA<\/a>\n  <\/div>\n<\/div>\t\t\t\t<\/div>\n\t\t\t\t\t<\/div>\n\t\t\t\t<\/div>\n\t\t\t\t<\/div>\n\t\t","protected":false},"excerpt":{"rendered":"<p>K\u00c9SZ\u00dcLJ\u00d6N TUDATOSANEGY \u00daJ \u00c9LETSZAKASZRA! \u00d6r\u00fcl\u00fcnk, hogy itt van. K\u00f6sz\u00f6nj\u00fck, hogy kit\u00f6lti ezt a p\u00e1r perces k\u00e9rd\u0151\u00edvet. A nyugd\u00edj nem visszavonul\u00e1s, [&hellip;]<\/p>\n","protected":false},"author":1,"featured_media":0,"parent":0,"menu_order":0,"comment_status":"closed","ping_status":"closed","template":"","meta":{"site-sidebar-layout":"no-sidebar","site-content-layout":"","ast-site-content-layout":"full-width-container","site-content-style":"default","site-sidebar-style":"default","ast-global-header-display":"disabled","ast-banner-title-visibility":"","ast-main-header-display":"","ast-hfb-above-header-display":"","ast-hfb-below-header-display":"","ast-hfb-mobile-header-display":"","site-post-title":"disabled","ast-breadcrumbs-content":"","ast-featured-img":"disabled","footer-sml-layout":"disabled","ast-disable-related-posts":"","theme-transparent-header-meta":"","adv-header-id-meta":"","stick-header-meta":"","header-above-stick-meta":"","header-main-stick-meta":"","header-below-stick-meta":"","astra-migrate-meta-layouts":"default","ast-page-background-enabled":"default","ast-page-background-meta":{"desktop":{"background-color":"var(--ast-global-color-5)","background-image":"","background-repeat":"repeat","background-position":"center center","background-size":"auto","background-attachment":"scroll","background-type":"","background-media":"","overlay-type":"","overlay-color":"","overlay-opacity":"","overlay-gradient":""},"tablet":{"background-color":"","background-image":"","background-repeat":"repeat","background-position":"center center","background-size":"auto","background-attachment":"scroll","background-type":"","background-media":"","overlay-type":"","overlay-color":"","overlay-opacity":"","overlay-gradient":""},"mobile":{"background-color":"","background-image":"","background-repeat":"repeat","background-position":"center center","background-size":"auto","background-attachment":"scroll","background-type":"","background-media":"","overlay-type":"","overlay-color":"","overlay-opacity":"","overlay-gradient":""}},"ast-content-background-meta":{"desktop":{"background-color":"var(--ast-global-color-4)","background-image":"","background-repeat":"repeat","background-position":"center center","background-size":"auto","background-attachment":"scroll","background-type":"","background-media":"","overlay-type":"","overlay-color":"","overlay-opacity":"","overlay-gradient":""},"tablet":{"background-color":"var(--ast-global-color-4)","background-image":"","background-repeat":"repeat","background-position":"center center","background-size":"auto","background-attachment":"scroll","background-type":"","background-media":"","overlay-type":"","overlay-color":"","overlay-opacity":"","overlay-gradient":""},"mobile":{"background-color":"var(--ast-global-color-4)","background-image":"","background-repeat":"repeat","background-position":"center center","background-size":"auto","background-attachment":"scroll","background-type":"","background-media":"","overlay-type":"","overlay-color":"","overlay-opacity":"","overlay-gradient":""}},"footnotes":""},"class_list":["post-2","page","type-page","status-publish","hentry"],"_links":{"self":[{"href":"https:\/\/aktivhatvan.hu\/index.php\/wp-json\/wp\/v2\/pages\/2","targetHints":{"allow":["GET"]}}],"collection":[{"href":"https:\/\/aktivhatvan.hu\/index.php\/wp-json\/wp\/v2\/pages"}],"about":[{"href":"https:\/\/aktivhatvan.hu\/index.php\/wp-json\/wp\/v2\/types\/page"}],"author":[{"embeddable":true,"href":"https:\/\/aktivhatvan.hu\/index.php\/wp-json\/wp\/v2\/users\/1"}],"replies":[{"embeddable":true,"href":"https:\/\/aktivhatvan.hu\/index.php\/wp-json\/wp\/v2\/comments?post=2"}],"version-history":[{"count":41,"href":"https:\/\/aktivhatvan.hu\/index.php\/wp-json\/wp\/v2\/pages\/2\/revisions"}],"predecessor-version":[{"id":697,"href":"https:\/\/aktivhatvan.hu\/index.php\/wp-json\/wp\/v2\/pages\/2\/revisions\/697"}],"wp:attachment":[{"href":"https:\/\/aktivhatvan.hu\/index.php\/wp-json\/wp\/v2\/media?parent=2"}],"curies":[{"name":"wp","href":"https:\/\/api.w.org\/{rel}","templated":true}]}}